{"id":4180,"date":"2024-11-13T02:50:08","date_gmt":"2024-11-13T02:50:08","guid":{"rendered":"https:\/\/chullpi.com\/?post_type=product&#038;p=4180"},"modified":"2025-12-17T22:17:17","modified_gmt":"2025-12-18T03:17:17","slug":"peach-garden-bouquet","status":"publish","type":"product","link":"https:\/\/chullpi.com\/es\/producto\/peach-garden-bouquet\/","title":{"rendered":"Ramo color durazno"},"content":{"rendered":"<div data-elementor-type=\"section\" data-elementor-id=\"5352\" class=\"elementor elementor-5352\" data-elementor-post-type=\"elementor_library\">\n\t\t\t<div class=\"elementor-element elementor-element-603e57d e-con-full e-flex e-con e-parent\" data-id=\"603e57d\" data-element_type=\"container\">\n\t\t\t\t<div class=\"elementor-element elementor-element-1825d24 elementor-widget elementor-widget-heading\" data-id=\"1825d24\" data-element_type=\"widget\" data-widget_type=\"heading.default\">\n\t\t\t\t<div class=\"elementor-widget-container\">\n\t\t\t\t\t<h2 class=\"elementor-heading-title elementor-size-default\">As\u00ed es como llegar\u00e1 tu ramo<\/h2>\t\t\t\t<\/div>\n\t\t\t\t<\/div>\n\t\t<div class=\"elementor-element elementor-element-525a224 e-flex e-con-boxed e-con e-child\" data-id=\"525a224\" data-element_type=\"container\">\n\t\t\t\t\t<div class=\"e-con-inner\">\n\t\t<div class=\"elementor-element elementor-element-318e42c e-con-full e-flex e-con e-child\" data-id=\"318e42c\" data-element_type=\"container\">\n\t\t\t\t<div class=\"elementor-element elementor-element-f4e308e elementor-widget elementor-widget-image\" data-id=\"f4e308e\" data-element_type=\"widget\" data-widget_type=\"image.default\">\n\t\t\t\t<div class=\"elementor-widget-container\">\n\t\t\t\t\t\t\t\t\t\t\t\t\t\t\t<img fetchpriority=\"high\" decoding=\"async\" width=\"1000\" height=\"1000\" src=\"https:\/\/chullpi.com\/wp-content\/uploads\/2025\/12\/Ramo.png\" class=\"attachment-large size-large wp-image-5342\" alt=\"\" srcset=\"https:\/\/chullpi.com\/wp-content\/uploads\/2025\/12\/Ramo.png 1000w, https:\/\/chullpi.com\/wp-content\/uploads\/2025\/12\/Ramo-300x300.png 300w, https:\/\/chullpi.com\/wp-content\/uploads\/2025\/12\/Ramo-150x150.png 150w, https:\/\/chullpi.com\/wp-content\/uploads\/2025\/12\/Ramo-768x768.png 768w, https:\/\/chullpi.com\/wp-content\/uploads\/2025\/12\/Ramo-12x12.png 12w, https:\/\/chullpi.com\/wp-content\/uploads\/2025\/12\/Ramo-680x680.png 680w, https:\/\/chullpi.com\/wp-content\/uploads\/2025\/12\/Ramo-840x840.png 840w\" sizes=\"(max-width: 1000px) 100vw, 1000px\" \/>\t\t\t\t\t\t\t\t\t\t\t\t\t\t\t<\/div>\n\t\t\t\t<\/div>\n\t\t\t\t<div class=\"elementor-element elementor-element-030ee70 elementor-widget elementor-widget-heading\" data-id=\"030ee70\" data-element_type=\"widget\" data-widget_type=\"heading.default\">\n\t\t\t\t<div class=\"elementor-widget-container\">\n\t\t\t\t\t<h4 class=\"elementor-heading-title elementor-size-default\">Boquete<\/h4>\t\t\t\t<\/div>\n\t\t\t\t<\/div>\n\t\t\t\t<\/div>\n\t\t<div class=\"elementor-element elementor-element-d2e6b62 e-con-full e-flex e-con e-child\" data-id=\"d2e6b62\" data-element_type=\"container\">\n\t\t\t\t<div class=\"elementor-element elementor-element-0d6cdf5 elementor-widget elementor-widget-image\" data-id=\"0d6cdf5\" data-element_type=\"widget\" data-widget_type=\"image.default\">\n\t\t\t\t<div class=\"elementor-widget-container\">\n\t\t\t\t\t\t\t\t\t\t\t\t\t\t\t<img decoding=\"async\" width=\"1001\" height=\"1000\" src=\"https:\/\/chullpi.com\/wp-content\/uploads\/2025\/12\/Caja.png\" class=\"attachment-large size-large wp-image-5339\" alt=\"\" srcset=\"https:\/\/chullpi.com\/wp-content\/uploads\/2025\/12\/Caja.png 1001w, https:\/\/chullpi.com\/wp-content\/uploads\/2025\/12\/Caja-300x300.png 300w, https:\/\/chullpi.com\/wp-content\/uploads\/2025\/12\/Caja-150x150.png 150w, https:\/\/chullpi.com\/wp-content\/uploads\/2025\/12\/Caja-768x767.png 768w, https:\/\/chullpi.com\/wp-content\/uploads\/2025\/12\/Caja-12x12.png 12w, https:\/\/chullpi.com\/wp-content\/uploads\/2025\/12\/Caja-680x680.png 680w, https:\/\/chullpi.com\/wp-content\/uploads\/2025\/12\/Caja-840x839.png 840w\" sizes=\"(max-width: 1001px) 100vw, 1001px\" \/>\t\t\t\t\t\t\t\t\t\t\t\t\t\t\t<\/div>\n\t\t\t\t<\/div>\n\t\t\t\t<div class=\"elementor-element elementor-element-19a5ffd elementor-widget elementor-widget-heading\" data-id=\"19a5ffd\" data-element_type=\"widget\" data-widget_type=\"heading.default\">\n\t\t\t\t<div class=\"elementor-widget-container\">\n\t\t\t\t\t<h4 class=\"elementor-heading-title elementor-size-default\">Caja Chullpi<\/h4>\t\t\t\t<\/div>\n\t\t\t\t<\/div>\n\t\t\t\t<\/div>\n\t\t<div class=\"elementor-element elementor-element-40fde22 e-con-full e-flex e-con e-child\" data-id=\"40fde22\" data-element_type=\"container\">\n\t\t\t\t<div class=\"elementor-element elementor-element-f22a091 elementor-widget elementor-widget-image\" data-id=\"f22a091\" data-element_type=\"widget\" data-widget_type=\"image.default\">\n\t\t\t\t<div class=\"elementor-widget-container\">\n\t\t\t\t\t\t\t\t\t\t\t\t\t\t\t<img decoding=\"async\" width=\"1001\" height=\"1000\" src=\"https:\/\/chullpi.com\/wp-content\/uploads\/2025\/12\/Mensaje.png\" class=\"attachment-large size-large wp-image-5340\" alt=\"\" srcset=\"https:\/\/chullpi.com\/wp-content\/uploads\/2025\/12\/Mensaje.png 1001w, https:\/\/chullpi.com\/wp-content\/uploads\/2025\/12\/Mensaje-300x300.png 300w, https:\/\/chullpi.com\/wp-content\/uploads\/2025\/12\/Mensaje-150x150.png 150w, https:\/\/chullpi.com\/wp-content\/uploads\/2025\/12\/Mensaje-768x767.png 768w, https:\/\/chullpi.com\/wp-content\/uploads\/2025\/12\/Mensaje-12x12.png 12w, https:\/\/chullpi.com\/wp-content\/uploads\/2025\/12\/Mensaje-680x680.png 680w, https:\/\/chullpi.com\/wp-content\/uploads\/2025\/12\/Mensaje-840x839.png 840w\" sizes=\"(max-width: 1001px) 100vw, 1001px\" \/>\t\t\t\t\t\t\t\t\t\t\t\t\t\t\t<\/div>\n\t\t\t\t<\/div>\n\t\t\t\t<div class=\"elementor-element elementor-element-f262e86 elementor-widget elementor-widget-heading\" data-id=\"f262e86\" data-element_type=\"widget\" data-widget_type=\"heading.default\">\n\t\t\t\t<div class=\"elementor-widget-container\">\n\t\t\t\t\t<h4 class=\"elementor-heading-title elementor-size-default\">Tu mensaje<\/h4>\t\t\t\t<\/div>\n\t\t\t\t<\/div>\n\t\t\t\t<\/div>\n\t\t<div class=\"elementor-element elementor-element-c7957cc e-con-full e-flex e-con e-child\" data-id=\"c7957cc\" data-element_type=\"container\">\n\t\t\t\t<div class=\"elementor-element elementor-element-ca83edc elementor-widget elementor-widget-image\" data-id=\"ca83edc\" data-element_type=\"widget\" data-widget_type=\"image.default\">\n\t\t\t\t<div class=\"elementor-widget-container\">\n\t\t\t\t\t\t\t\t\t\t\t\t\t\t\t<img loading=\"lazy\" decoding=\"async\" width=\"1001\" height=\"1000\" src=\"https:\/\/chullpi.com\/wp-content\/uploads\/2025\/12\/Nutrientes.png\" class=\"attachment-large size-large wp-image-5341\" alt=\"\" srcset=\"https:\/\/chullpi.com\/wp-content\/uploads\/2025\/12\/Nutrientes.png 1001w, https:\/\/chullpi.com\/wp-content\/uploads\/2025\/12\/Nutrientes-300x300.png 300w, https:\/\/chullpi.com\/wp-content\/uploads\/2025\/12\/Nutrientes-150x150.png 150w, https:\/\/chullpi.com\/wp-content\/uploads\/2025\/12\/Nutrientes-768x767.png 768w, https:\/\/chullpi.com\/wp-content\/uploads\/2025\/12\/Nutrientes-12x12.png 12w, https:\/\/chullpi.com\/wp-content\/uploads\/2025\/12\/Nutrientes-680x680.png 680w, https:\/\/chullpi.com\/wp-content\/uploads\/2025\/12\/Nutrientes-840x839.png 840w\" sizes=\"(max-width: 1001px) 100vw, 1001px\" \/>\t\t\t\t\t\t\t\t\t\t\t\t\t\t\t<\/div>\n\t\t\t\t<\/div>\n\t\t\t\t<div class=\"elementor-element elementor-element-0795328 elementor-widget elementor-widget-heading\" data-id=\"0795328\" data-element_type=\"widget\" data-widget_type=\"heading.default\">\n\t\t\t\t<div class=\"elementor-widget-container\">\n\t\t\t\t\t<h4 class=\"elementor-heading-title elementor-size-default\">Alimento para flores<\/h4>\t\t\t\t<\/div>\n\t\t\t\t<\/div>\n\t\t\t\t<\/div>\n\t\t\t\t\t<\/div>\n\t\t\t\t<\/div>\n\t\t\t\t<div class=\"elementor-element elementor-element-3eef51a elementor-widget elementor-widget-heading\" data-id=\"3eef51a\" data-element_type=\"widget\" data-widget_type=\"heading.default\">\n\t\t\t\t<div class=\"elementor-widget-container\">\n\t\t\t\t\t<div class=\"elementor-heading-title elementor-size-default\">No olvides que cada flor es \u00fanica, sus colores, p\u00e9talos, hojas, tallo y formas pueden variar con respecto a la foto.<\/div>\t\t\t\t<\/div>\n\t\t\t\t<\/div>\n\t\t\t\t<\/div>\n\t\t<div class=\"elementor-element elementor-element-b7a3367 e-con-full e-flex e-con e-parent\" data-id=\"b7a3367\" data-element_type=\"container\">\n\t\t\t\t<div class=\"elementor-element elementor-element-c6ec93f elementor-widget elementor-widget-heading\" data-id=\"c6ec93f\" data-element_type=\"widget\" data-widget_type=\"heading.default\">\n\t\t\t\t<div class=\"elementor-widget-container\">\n\t\t\t\t\t<h2 class=\"elementor-heading-title elementor-size-default\">Introducci\u00f3n a las rosas ecuatorianas<\/h2>\t\t\t\t<\/div>\n\t\t\t\t<\/div>\n\t\t\t\t<div class=\"elementor-element elementor-element-cb6155d elementor-widget elementor-widget-heading\" data-id=\"cb6155d\" data-element_type=\"widget\" data-widget_type=\"heading.default\">\n\t\t\t\t<div class=\"elementor-widget-container\">\n\t\t\t\t\t<div class=\"elementor-heading-title elementor-size-default\">Sum\u00e9rgete en el mundo de las rosas naturales y puras cultivadas en lo alto de los Andes ecuatorianos. Conocidas por su excepcional calidad y sus vivos colores, estas rosas son un testimonio del arte de la naturaleza.<\/div>\t\t\t\t<\/div>\n\t\t\t\t<\/div>\n\t\t\t\t<\/div>\n\t\t<div class=\"elementor-element elementor-element-0b7b1f8 e-con-full e-flex e-con e-parent\" data-id=\"0b7b1f8\" data-element_type=\"container\">\n\t\t\t\t<div class=\"elementor-element elementor-element-f9ae7d5 elementor-widget elementor-widget-heading\" data-id=\"f9ae7d5\" data-element_type=\"widget\" data-widget_type=\"heading.default\">\n\t\t\t\t<div class=\"elementor-widget-container\">\n\t\t\t\t\t<h2 class=\"elementor-heading-title elementor-size-default\">\u00bfPor qu\u00e9 elegir las rosas ecuatorianas de los Andes?<\/h2>\t\t\t\t<\/div>\n\t\t\t\t<\/div>\n\t\t\t\t<div class=\"elementor-element elementor-element-166f9e2 elementor-widget elementor-widget-heading\" data-id=\"166f9e2\" data-element_type=\"widget\" data-widget_type=\"heading.default\">\n\t\t\t\t<div class=\"elementor-widget-container\">\n\t\t\t\t\t<div class=\"elementor-heading-title elementor-size-default\">Las rosas de los Andes ecuatorianos se benefician del clima \u00fanico y el suelo volc\u00e1nico de la regi\u00f3n, lo que da como resultado flores m\u00e1s grandes y duraderas. Su belleza sin igual las convierte en la elecci\u00f3n perfecta para cualquier ocasi\u00f3n.<\/div>\t\t\t\t<\/div>\n\t\t\t\t<\/div>\n\t\t\t\t<\/div>\n\t\t<div class=\"elementor-element elementor-element-81de64a e-con-full e-flex e-con e-parent\" data-id=\"81de64a\" data-element_type=\"container\">\n\t\t\t\t<div class=\"elementor-element elementor-element-b3a5302 elementor-widget elementor-widget-heading\" data-id=\"b3a5302\" data-element_type=\"widget\" data-widget_type=\"heading.default\">\n\t\t\t\t<div class=\"elementor-widget-container\">\n\t\t\t\t\t<h2 class=\"elementor-heading-title elementor-size-default\">Un compromiso con la pureza y la calidad<\/h2>\t\t\t\t<\/div>\n\t\t\t\t<\/div>\n\t\t\t\t<div class=\"elementor-element elementor-element-24c2ddf elementor-widget elementor-widget-heading\" data-id=\"24c2ddf\" data-element_type=\"widget\" data-widget_type=\"heading.default\">\n\t\t\t\t<div class=\"elementor-widget-container\">\n\t\t\t\t\t<div class=\"elementor-heading-title elementor-size-default\">Cada rosa se cultiva con esmero, asegurando que la esencia natural y pura de los Andes ecuatorianos quede plasmada en cada p\u00e9talo. Desde su impresionante apariencia hasta su deliciosa fragancia, estas rosas ofrecen una experiencia floral sin igual.<\/div>\t\t\t\t<\/div>\n\t\t\t\t<\/div>\n\t\t\t\t<\/div>\n\t\t\t\t<\/div>","protected":false},"excerpt":{"rendered":"<p class=\"p1\">C\u00e1lido, delicado y naturalmente rom\u00e1ntico.<\/p>\n<p class=\"p1 translation-block\">Nuestras <span class=\"s1\"><b>rosas melocot\u00f3n<\/b><\/span> florecen con p\u00e9talos ondulados y un suave degradado de tonos c\u00e1lidos, perfectas para expresar gratitud, dulzura y afecto sincero.<\/p>\n<p class=\"p1\">Cultivadas en los Andes, cada rosa desarrolla una textura exuberante y una forma exquisita que convierte cualquier momento en algo memorable.<\/p>\n<p class=\"p1\">Un suave resplandor de amor y elegancia. \u2728\ud83c\udf51<\/p>","protected":false},"featured_media":4402,"comment_status":"closed","ping_status":"closed","template":"","meta":{"inline_featured_image":false},"product_brand":[],"product_cat":[135],"product_tag":[149],"class_list":{"0":"post-4180","1":"product","2":"type-product","3":"status-publish","4":"has-post-thumbnail","6":"product_cat-garden_roses","7":"product_tag-peach","9":"first","10":"instock","11":"taxable","12":"shipping-taxable","13":"purchasable","14":"product-type-variable"},"_links":{"self":[{"href":"https:\/\/chullpi.com\/es\/wp-json\/wp\/v2\/product\/4180","targetHints":{"allow":["GET"]}}],"collection":[{"href":"https:\/\/chullpi.com\/es\/wp-json\/wp\/v2\/product"}],"about":[{"href":"https:\/\/chullpi.com\/es\/wp-json\/wp\/v2\/types\/product"}],"replies":[{"embeddable":true,"href":"https:\/\/chullpi.com\/es\/wp-json\/wp\/v2\/comments?post=4180"}],"version-history":[{"count":2,"href":"https:\/\/chullpi.com\/es\/wp-json\/wp\/v2\/product\/4180\/revisions"}],"predecessor-version":[{"id":5371,"href":"https:\/\/chullpi.com\/es\/wp-json\/wp\/v2\/product\/4180\/revisions\/5371"}],"wp:featuredmedia":[{"embeddable":true,"href":"https:\/\/chullpi.com\/es\/wp-json\/wp\/v2\/media\/4402"}],"wp:attachment":[{"href":"https:\/\/chullpi.com\/es\/wp-json\/wp\/v2\/media?parent=4180"}],"wp:term":[{"taxonomy":"product_brand","embeddable":true,"href":"https:\/\/chullpi.com\/es\/wp-json\/wp\/v2\/product_brand?post=4180"},{"taxonomy":"product_cat","embeddable":true,"href":"https:\/\/chullpi.com\/es\/wp-json\/wp\/v2\/product_cat?post=4180"},{"taxonomy":"product_tag","embeddable":true,"href":"https:\/\/chullpi.com\/es\/wp-json\/wp\/v2\/product_tag?post=4180"}],"curies":[{"name":"wp","href":"https:\/\/api.w.org\/{rel}","templated":true}]}}